{"id":1845,"date":"2023-11-29T22:29:00","date_gmt":"2023-11-29T22:29:00","guid":{"rendered":"https:\/\/mymobilex.local\/?page_id=1845"},"modified":"2024-11-14T20:41:41","modified_gmt":"2024-11-14T20:41:41","slug":"compatibility","status":"publish","type":"page","link":"https:\/\/walmart.mymobilex.com\/es\/compatibility\/","title":{"rendered":"Compatibilidad"},"content":{"rendered":"<div class=\"mobx-legacy text-black\">\n   <section id=\"check\">\n      <div class=\"mobx-compatibility flex min-h-[500px] py-[56px] lg:py-[160px] mobx-compatibility-light bg-white\">\n         <div class=\"mx-auto box-border flex w-full max-w-[1840px] flex-wrap justify-between px-[30px]\">\n            <div\n                 class=\"mobx-phone-compatibility-description mx-auto  w-full max-w-[600px] md:w-full lg:w-[50%] text-darkGreen\">\n               <h2 class=\"mb-[65px] text-[34px] font-black uppercase leading-[85%] lg:mb-[100px] lg:text-[89px] translation-block\"><b>COMPRUEBA LA<\/b><span class=\"text-highlight\"> COMPATIBILIDAD DE TU TEL\u00c9FONO<\/span><\/h2>\n                <p>\n                    MobileX works on unlocked 5G, 4G, LTE phones that are VoLTE friendly.\n                <\/p>\n                <p><\/p>\n\n            <\/div>\n\n\n            <div class=\"mx-auto w-full max-w-[600px] lg:w-[50%]\">\n               <div class=\"mobx-legacy\">\n   <section id=\"compatibility-check\">\n      <div class=\"w-full max-w-[600px]\">\n         <form data-js=\"imei-lookup\" action=\"\">\n            <label class=\"relative mb-2 flex items-center\"\n                   for=\"imei\"><span\n                     class=\"select-none text-[18px] font-black uppercase lg:text-[20px]\">Enter your IMEI number below<\/span>\n\n\n            <\/label>\n\n            <div class=\"relative mb-6 rounded-[5px] border border-darkGreen\/20\"><input\n                      class=\"sm:text-[17px], h-[64px] w-full min-w-[250px] rounded-[5px] border border-transparent px-5 py-0 text-[15px] outline-0 text-darkGreen\"\n                      type=\"text\"\n                      placeholder=\"IMEI should be 15-17 digits\"\n                      name=\"imei\"\n                      pattern=\"[0-9]+\"\n                      length=\"17\"\n                      value=\"\">\n\n               <span>\n                        <button class=\"btn-form-submit absolute top-1\/2 -translate-y-1\/2 transform right-5\" type=\"submit\" data-loading-icon=\"https:\/\/walmart.mymobilex.com\/wp-content\/themes\/mymobilex\/img\/loader.svg\">\n                           <img alt=\"Bullet.svg\"\n                              loading=\"lazy\"\n                              width=\"26\"\n                              height=\"26\"\n                              decoding=\"async\"\n                              data-nimg=\"1\"\n                              class=\"text-gray-500 cursor-pointer w-[26px] h-[26px] select-none\"\n                              style=\"color:transparent\"\n                              src=\"\/\/images.ctfassets.net\/0ki11o8czqpd\/3YqO1XRCK2ZnRGvq6Tn3Ul\/442568eecca2d06b48813920e5086464\/Bullet.svg\">\n                        <\/button>\n                     <\/span>\n            <\/div>\n\n             <label class=\"relative mb-2 flex items-center\"\n                    for=\"imei\"><span\n                         class=\"select-none text-[18px]\">Where to find your IMEI number.<\/span>\n\n                 <div class=\"group my-2 inline-block cursor-pointer  relative\"><span data-js=\"toggle\"\n                                                                                     class=\"select-none hover:cursor-pointer\"><img alt=\"info-icon.svg\" loading=\"lazy\" width=\"20\" height=\"20\" decoding=\"async\" data-nimg=\"1\" class=\"cursor-pointer w-[20px] h-[20px] ml-1 select-none\" style=\"color:transparent\" src=\"\/\/images.ctfassets.net\/0ki11o8czqpd\/2FX0rDMBOIcRD0lm06aT05\/628a416bf78dabfcbc315ed57689d902\/info-icon.svg\"><\/span>\n                     <div class=\"tooltip hidden absolute bottom-9 z-30 min-w-full rounded border bg-white text-xs text-black shadow-md lg:min-w-[359px]\"\n                          style=\"right: 0px;\"><button\n                                 class=\"absolute right-0 top-1 pr-[10px] text-right text-[40px] leading-none text-black hover:text-gray-600\">\u00d7<\/button>\n                         <p class=\"mb-[10px] pl-10 text-[13px] font-bold\">Where to find your IMEI number:<\/p>\n                         <ul>\n                             <li>\n                                 <p><b>Android:<\/b><\/p>\n                                 <ul>\n                                     <li>\n                                         <p>Go to Settings &gt; About device &gt; Status<\/p>\n                                     <\/li>\n                                 <\/ul>\n                             <\/li>\n                             <li>\n                                 <p><b>iPhone:<\/b> <\/p>\n                                 <ul>\n                                     <li>\n                                         <p>Go to Settings &gt; General &gt; About<br><b><i>or<\/i><\/b><br>Enter *#06# on\n                                             your\n                                             phone\u2019s dial pad. (Some carriers like Verizon won\u2019t permit access via this\n                                             method)<\/p>\n                                     <\/li>\n                                 <\/ul>\n                             <\/li>\n                         <\/ul>\n                     <\/div>\n                 <\/div>\n             <\/label>\n\n            <div class=\"mobx-success\">\n\n            <\/div>\n            <div class=\"hidden\"\n                 data-js=\"msg-success\">\n               <h4><span class=\"text-highlight\">GOOD NEWS!<\/span><\/h4>\n               <p>Your device is compatible with our MobileX service and can use either a physical SIM card-available from the <a\n                           href=\"https:\/\/devices.mymobilex.com\/product\/mobilex-byo-handset-sim-card-starter-pack\/\"\n                           target=\"_blank\"\n                           rel=\"noopener noreferrer\"\n                           class=\"text-highlight\">MobileX store<\/a> &#8211; or a digitally downloaded eSIM.  If you&#8217;re not sure which to use, contact XpertCare for guidance, and please be sure that your device is fully paid off and unlocked from your current carrier.\n                   <\/p>\n               <p><sub><\/sub><\/p>\n               <p><sub><\/sub><\/p>\n            <\/div>\n            <div class=\"hidden\"\n                 data-js=\"msg-404\">\n               <h4><span class=\"text-highlight\">uh oh!<\/span><\/h4>\n                <p>Looks like your device is not compatible with MobileX.  Check out our range of unlocked devices \tsuitable for use on any network, including ours. <a href=\"https:\/\/devices.mymobilex.com\/\" target=\"_blank\">Shop now.<\/a> <\/p>\n            <\/div>\n         <input type=\"hidden\" name=\"trp-form-language\" value=\"es\"\/><\/form>\n      <\/div>\n<\/div>\n\n               <div data-js=\"expander\"\n                    class=\"text-black\">\n                  <div data-expander-toggle\n class=\"mb-[22px] mt-[50px] flex justify-between border-b border-opacity-10 pb-[20px] text-[18px] font-black uppercase leading-5 lg:mt-[74px] lg:text-[20px] border-opacity-10 border-darkGreen\">\n                     TEL\u00c9FONOS COMPATIBLES<button class=\"cursor-pointer\"><svg class=\"transform rotate-0\"\n                             width=\"26\"\n                             height=\"26\"\n                             viewbox=\"0 0 26 26\"\n                             fill=\"none\"\n                             xmlns=\"http:\/\/www.w3.org\/2000\/svg\">\n                           <circle cx=\"13\"\n                                   cy=\"13\"\n                                   r=\"13\"\n                                   transform=\"rotate(90 13 13)\"\n                                   fill=\"#50F40C\"><\/circle>\n                           <path d=\"M13 18.5L17 13.5L17 8.5L13 13.5L9 8.5L9 13.5L13 18.5Z\"\n                                 fill=\"black\"><\/path>\n                        <\/svg><\/button>\n                  <\/div>\n                  <div data-expander-content>\n                     <div\n                          class=\"mobx-item mb-3 border-b border-opacity-10 pb-[22px] border-opacity-10 border-darkGreen\">\n                        <p class=\"mobx-item text-[19px] font-bold leading-[27px] lg:text-[21px]\">iOS<\/p>\n                        <div class=\"flex w-full flex-wrap justify-between lg:flex-nowrap\">\n                           <p\n                              class=\"mobx-item w-full text-[15px] font-medium leading-[24px] lg:w-[35%] lg:text-[17px] lg:leading-[27px] text-darkGreen\/80\">\n                              <span>iPhone 7 and later*<\/span>\n                           <\/p>\n                           <p\n                              class=\"font-regular mobx-item text-[12px] text-darkGreen\/50 italic leading-[19.2px] lg:w-[50%]\">\n                              *El modelo iPhone 7 (GSM) no es compatible<\/p>\n                        <\/div>\n                     <\/div>\n                     <div\n                          class=\"mobx-item mb-3 border-b border-opacity-10 pb-[22px] border-opacity-10 border-darkGreen\">\n                        <p class=\"mobx-item text-[19px] font-bold leading-[27px] lg:text-[21px]\">Android<\/p>\n                        <div class=\"flex w-full flex-wrap justify-between lg:flex-nowrap\">\n                           <p\n                              class=\"mobx-item w-full text-[15px] font-medium leading-[24px] lg:w-[35%] lg:text-[17px] lg:leading-[27px] text-darkGreen\/80\">\n                              <span>Todos los tel\u00e9fonos Google Pixels*<\/span>\n                           <\/p>\n                           <p\n                              class=\"font-regular mobx-item text-[12px] text-darkGreen\/50 italic leading-[19.2px] lg:w-[50%]\">\n                              *Los tel\u00e9fonos vendidos a trav\u00e9s de operadores no son compatibles con la activaci\u00f3n de la eSIM<\/p>\n                        <\/div>\n                     <\/div>\n                     <div\n                          class=\"mobx-item mb-3 border-b border-opacity-10 pb-[22px] border-opacity-10 border-darkGreen\">\n                        <p class=\"mobx-item text-[19px] font-bold leading-[27px] lg:text-[21px]\">Samsung<\/p>\n                        <div class=\"flex w-full flex-wrap justify-between lg:flex-nowrap\">\n                           <p\n                              class=\"mobx-item w-full text-[15px] font-medium leading-[24px] lg:w-[35%] lg:text-[17px] lg:leading-[27px] text-darkGreen\/80\">\n                              <span>\n                                 Galaxy S20 and later*\n                                 <br>A-series (A52 y versiones posteriores) *\n                              <\/span>\n                           <\/p>\n                           <p\n                              class=\"font-regular mobx-item text-[12px] text-darkGreen\/50 italic leading-[19.2px] lg:w-[50%]\">\n                              *Algunos tel\u00e9fonos de la marca del operador no son compatibles debido a las limitaciones del firmware que impiden que el APN se actualice\n                           <\/p>\n                        <\/div>\n                     <\/div>\n                     <div\n                          class=\"mobx-item mb-3 border-b border-opacity-10 pb-[22px] border-opacity-10 border-darkGreen\">\n                        <p class=\"mobx-item text-[19px] font-bold leading-[27px] lg:text-[21px]\">MOTOROLA<\/p>\n                        <div class=\"flex w-full flex-wrap justify-between lg:flex-nowrap\">\n                           <p\n                              class=\"mobx-item w-full text-[15px] font-medium leading-[24px] lg:w-[35%] lg:text-[17px] lg:leading-[27px] text-darkGreen\/80\">\n                              <span>Edge 2020 y versiones posteriores <br>\n                                 Moto G 2020 o posterior<br>\n                                 ThinkPhone 2022<\/span>\n                           <\/p>\n                           <p\n                              class=\"font-regular mobx-item text-[12px] text-darkGreen\/50 italic leading-[19.2px] lg:w-[50%]\">\n                           <\/p>\n                        <\/div>\n                     <\/div>\n\n                     <div\n                          class=\"mobx-item mb-3 border-b border-opacity-10 pb-[22px] border-opacity-10 border-darkGreen\">\n                        <p class=\"mobx-item text-[19px] font-bold leading-[27px] lg:text-[21px]\">ONE PLUS<\/p>\n                        <div class=\"flex w-full flex-wrap justify-between lg:flex-nowrap\">\n                           <p\n                              class=\"mobx-item w-full text-[15px] font-medium leading-[24px] lg:w-[35%] lg:text-[17px] lg:leading-[27px] text-darkGreen\/80\">\n                              <span>8T y versiones posteriores<\/span>\n                           <\/p>\n                           <p\n                              class=\"font-regular mobx-item text-[12px] text-darkGreen\/50 italic leading-[19.2px] lg:w-[50%]\">\n                           <\/p>\n                        <\/div>\n                     <\/div>\n\n                     <div\n                          class=\"mobx-item mb-3 border-b border-opacity-10 pb-[22px] border-opacity-10 border-darkGreen\">\n                        <p class=\"mobx-item text-[19px] font-bold leading-[27px] lg:text-[21px]\">LG<\/p>\n                        <div class=\"flex w-full flex-wrap justify-between lg:flex-nowrap\">\n                           <p\n                              class=\"mobx-item w-full text-[15px] font-medium leading-[24px] lg:w-[35%] lg:text-[17px] lg:leading-[27px] text-darkGreen\/80\">\n                              <span>No es compatible<\/span>\n                           <\/p>\n                           <p\n                              class=\"font-regular mobx-item text-[12px] text-darkGreen\/50 italic leading-[19.2px] lg:w-[50%]\">\n                           <\/p>\n                        <\/div>\n                     <\/div>\n\n                     <div\n                          class=\"mobx-item mb-3 border-b border-opacity-10 pb-[22px] border-opacity-10 border-darkGreen\">\n                        <p class=\"mobx-item text-[19px] font-bold leading-[27px] lg:text-[21px]\"><\/p>\n                        <div class=\"flex w-full flex-wrap justify-between lg:flex-nowrap\">\n                           <p\n                              class=\"mobx-item w-full text-[15px] font-medium leading-[24px] lg:w-[35%] lg:text-[17px] lg:leading-[27px] text-darkGreen\/80\">\n                              <span><\/span>\n                           <\/p>\n                           <p\n                              class=\"font-regular mobx-item text-[12px] text-darkGreen\/50 italic leading-[19.2px] lg:w-[50%]\">\n                              \u00bfTu tel\u00e9fono no est\u00e1 actualmente en la lista? No te preocupes, a\u00f1adimos nuevos tel\u00e9fonos todo el tiempo. Sigue consultando para ver si a\u00f1adimos el tuyo.<\/p>\n                        <\/div>\n                     <\/div>\n                  <\/div>\n               <\/div>\n            <\/div>\n         <\/div>\n      <\/div>\n   <\/section>\n<\/div>","protected":false},"excerpt":{"rendered":"","protected":false},"author":1,"featured_media":0,"parent":0,"menu_order":0,"comment_status":"closed","ping_status":"closed","template":"","meta":{"footnotes":""},"class_list":["post-1845","page","type-page","status-publish","hentry"],"acf":[],"yoast_head":"<!-- This site is optimized with the Yoast SEO plugin v21.4 - https:\/\/yoast.com\/wordpress\/plugins\/seo\/ -->\n<title>Compatibility - MobileX<\/title>\n<meta name=\"robots\" content=\"index, follow, max-snippet:-1, max-image-preview:large, max-video-preview:-1\" \/>\n<link rel=\"canonical\" href=\"https:\/\/walmart.mymobilex.com\/es\/compatibility\/\" \/>\n<meta property=\"og:locale\" content=\"es_MX\" \/>\n<meta property=\"og:type\" content=\"article\" \/>\n<meta property=\"og:title\" content=\"Compatibility - MobileX\" \/>\n<meta property=\"og:url\" content=\"https:\/\/walmart.mymobilex.com\/es\/compatibility\/\" \/>\n<meta property=\"og:site_name\" content=\"MobileX\" \/>\n<meta property=\"article:modified_time\" content=\"2024-11-14T20:41:41+00:00\" \/>\n<meta name=\"twitter:card\" content=\"summary_large_image\" \/>\n<script type=\"application\/ld+json\" class=\"yoast-schema-graph\">{\"@context\":\"https:\/\/schema.org\",\"@graph\":[{\"@type\":\"WebPage\",\"@id\":\"https:\/\/walmart.mymobilex.com\/compatibility\/\",\"url\":\"https:\/\/walmart.mymobilex.com\/compatibility\/\",\"name\":\"Compatibility - MobileX\",\"isPartOf\":{\"@id\":\"https:\/\/walmart.mymobilex.com\/#website\"},\"datePublished\":\"2023-11-29T22:29:00+00:00\",\"dateModified\":\"2024-11-14T20:41:41+00:00\",\"breadcrumb\":{\"@id\":\"https:\/\/walmart.mymobilex.com\/compatibility\/#breadcrumb\"},\"inLanguage\":\"es-MX\",\"potentialAction\":[{\"@type\":\"ReadAction\",\"target\":[\"https:\/\/walmart.mymobilex.com\/compatibility\/\"]}]},{\"@type\":\"BreadcrumbList\",\"@id\":\"https:\/\/walmart.mymobilex.com\/compatibility\/#breadcrumb\",\"itemListElement\":[{\"@type\":\"ListItem\",\"position\":1,\"name\":\"Home\",\"item\":\"https:\/\/walmart.mymobilex.com\/\"},{\"@type\":\"ListItem\",\"position\":2,\"name\":\"Compatibility\"}]},{\"@type\":\"WebSite\",\"@id\":\"https:\/\/walmart.mymobilex.com\/#website\",\"url\":\"https:\/\/walmart.mymobilex.com\/\",\"name\":\"MobileX\",\"description\":\"\",\"potentialAction\":[{\"@type\":\"SearchAction\",\"target\":{\"@type\":\"EntryPoint\",\"urlTemplate\":\"https:\/\/walmart.mymobilex.com\/?s={search_term_string}\"},\"query-input\":\"required name=search_term_string\"}],\"inLanguage\":\"es-MX\"}]}<\/script>\n<!-- \/ Yoast SEO plugin. -->","yoast_head_json":{"title":"Compatibility - MobileX","robots":{"index":"index","follow":"follow","max-snippet":"max-snippet:-1","max-image-preview":"max-image-preview:large","max-video-preview":"max-video-preview:-1"},"canonical":"https:\/\/walmart.mymobilex.com\/es\/compatibility\/","og_locale":"es_MX","og_type":"article","og_title":"Compatibility - MobileX","og_url":"https:\/\/walmart.mymobilex.com\/es\/compatibility\/","og_site_name":"MobileX","article_modified_time":"2024-11-14T20:41:41+00:00","twitter_card":"summary_large_image","schema":{"@context":"https:\/\/schema.org","@graph":[{"@type":"WebPage","@id":"https:\/\/walmart.mymobilex.com\/compatibility\/","url":"https:\/\/walmart.mymobilex.com\/compatibility\/","name":"Compatibility - MobileX","isPartOf":{"@id":"https:\/\/walmart.mymobilex.com\/#website"},"datePublished":"2023-11-29T22:29:00+00:00","dateModified":"2024-11-14T20:41:41+00:00","breadcrumb":{"@id":"https:\/\/walmart.mymobilex.com\/compatibility\/#breadcrumb"},"inLanguage":"es-MX","potentialAction":[{"@type":"ReadAction","target":["https:\/\/walmart.mymobilex.com\/compatibility\/"]}]},{"@type":"BreadcrumbList","@id":"https:\/\/walmart.mymobilex.com\/compatibility\/#breadcrumb","itemListElement":[{"@type":"ListItem","position":1,"name":"Home","item":"https:\/\/walmart.mymobilex.com\/"},{"@type":"ListItem","position":2,"name":"Compatibility"}]},{"@type":"WebSite","@id":"https:\/\/walmart.mymobilex.com\/#website","url":"https:\/\/walmart.mymobilex.com\/","name":"MobileX","description":"","potentialAction":[{"@type":"SearchAction","target":{"@type":"EntryPoint","urlTemplate":"https:\/\/walmart.mymobilex.com\/?s={search_term_string}"},"query-input":"required name=search_term_string"}],"inLanguage":"es-MX"}]}},"_links":{"self":[{"href":"https:\/\/walmart.mymobilex.com\/es\/wp-json\/wp\/v2\/pages\/1845","targetHints":{"allow":["GET"]}}],"collection":[{"href":"https:\/\/walmart.mymobilex.com\/es\/wp-json\/wp\/v2\/pages"}],"about":[{"href":"https:\/\/walmart.mymobilex.com\/es\/wp-json\/wp\/v2\/types\/page"}],"author":[{"embeddable":true,"href":"https:\/\/walmart.mymobilex.com\/es\/wp-json\/wp\/v2\/users\/1"}],"replies":[{"embeddable":true,"href":"https:\/\/walmart.mymobilex.com\/es\/wp-json\/wp\/v2\/comments?post=1845"}],"version-history":[{"count":0,"href":"https:\/\/walmart.mymobilex.com\/es\/wp-json\/wp\/v2\/pages\/1845\/revisions"}],"wp:attachment":[{"href":"https:\/\/walmart.mymobilex.com\/es\/wp-json\/wp\/v2\/media?parent=1845"}],"curies":[{"name":"wp","href":"https:\/\/api.w.org\/{rel}","templated":true}]}}